{"id":1565,"date":"2020-12-14T13:41:22","date_gmt":"2020-12-14T12:41:22","guid":{"rendered":"http:\/\/bele-alice.com\/?page_id=1565"},"modified":"2020-12-14T14:01:04","modified_gmt":"2020-12-14T13:01:04","slug":"max-et-pompon","status":"publish","type":"page","link":"https:\/\/bele-alice.com\/index.php\/max-et-pompon\/","title":{"rendered":"Max et Pompon"},"content":{"rendered":"<div  data-label=\"Overlappable\" data-id=\"overlappable--1\" data-export-id=\"overlappable-4-mc\" data-category=\"overlappable\" class=\"overlappable-4-mc content-section content-section-spacing\" data-overlap=\"true\" id=\"overlappable-1\" style=\"background-color: rgb(255, 255, 255);\"><div  class=\"gridContainer\"> <div  data-type=\"row\" class=\"row spaced-cols text-center\"><div  class=\"col-xs-12 col-sm-4 col-padding col-md-3 \">  <div  data-type=\"column\" class=\"\">  <img  class=\"custom-image\" src=\"http:\/\/bele-alice.com\/wp-content\/uploads\/2020\/10\/sexe-garcon.jpg\" alt=\"\" title=\"sexe garcon\"><\/div> <\/div> <div  class=\"col-xs-12 col-sm-4 col-padding col-md-3 \">  <div  data-type=\"column\" class=\"\"> <img  class=\"custom-image\" src=\"http:\/\/bele-alice.com\/wp-content\/uploads\/2020\/04\/race-naine.jpg\" alt=\"\" title=\"race naine\"><\/div> <\/div> <div  class=\"col-xs-12 col-sm-4 col-padding col-md-3 \">  <div  data-type=\"column\" class=\"\"> <img  class=\"custom-image\" src=\"http:\/\/bele-alice.com\/wp-content\/uploads\/2020\/04\/2019.jpg\" alt=\"\" title=\"2019\"><\/div> <\/div><div  class=\"col-xs-12 col-sm-4 col-padding col-md-3 \">  <div  data-type=\"column\" class=\"\">  <a data-cp-link=\"1\" href=\"\/\/bele-alice.com\/index.php\/adoption\" class=\"\" target=\"_self\" rel=\"noopener noreferrer\"><img  class=\"custom-image\" src=\"http:\/\/bele-alice.com\/wp-content\/uploads\/2020\/04\/adopter.jpg\" alt=\"\" title=\"adopter\"><\/a><\/div> <\/div><\/div> <\/div><\/div><div  data-label=\"Gallery\" data-id=\"gallery--1\" data-export-id=\"gallery-1\" data-category=\"gallery\" class=\"gallery-1 content-section content-section-spacing\" id=\"gallery-1\" style=\"background-color: rgb(255, 255, 255); background-image: none;\"><div  class=\"gridContainer\"> <div  class=\"row\"><div  class=\"section-title-col\" data-type=\"column\">  <p  class=\"lead\" style=\"text-align: justify;\"><span  id=\"_mce_caret\" data-mce-bogus=\"1\" data-mce-type=\"format-caret\"><span  style=\"color: rgb(0, 0, 0);\">\ufeffMax et Pompon sont fr\u00e8res, ag\u00e9s d\u2019un ou deux ans, ils sont arriv\u00e9s \u00e0 l\u2019association depuis quelques semaines.&nbsp;Ils ont \u00e9t\u00e9 castr\u00e9s.<\/span><\/span><span  style=\"color: rgb(0, 0, 0);\">Max et Pompon ont \u00e9t\u00e9 achet\u00e9 par dans \u00e9levage de ch\u00e8vres naines. Malheureusement, l\u2019\u00e9leveur a tr\u00e8s mal conseill\u00e9 leurs propi\u00e9taires sur les besoins des deux boucs. Le couple adoptant s\u2019est vite rendu compte que les conditions de vie propos\u00e9es n\u2019\u00e9taient pas adapt\u00e9es au bien-\u00eatre des deux petits boucs. Ils ont donc d\u00e9cid\u00e9 de les placer afin qu\u2019ils aient une vie plus adapt\u00e9e.\n<br >Nous avons tout de suite accept\u00e9 de les prendre en charge.\n<br >Max et Pompon sont actuellement en famille d\u2019accueil dans le 45.&nbsp;\n<br ><br >Ils n\u2019ont jamais \u00e9t\u00e9 s\u00e9par\u00e9s et sont donc adoptables ensemble.&nbsp;\n<\/span><\/p><a class=\"button color7 round\" href=\"http:\/\/bele-alice.com\/index.php\/adoption\" target=\"_self\" data-cp-link=\"1\" data-icon=\"\" rel=\"noopener noreferrer\">Adopter Max et Pompon<\/a><\/div> <\/div> <div  class=\"row text-center\"> <div  class=\"col-xs-12\" data-editable=\"true\" data-content-shortcode=\"mesmerize_gallery id=&quot;mesmerize-gallery-1&quot; columns=&quot;4&quot; ids=&quot;1569,1570,1571,1572,1573,1574,1575,1576,1577,1578&quot; lb=&quot;1&quot; masonry=&quot;1&quot; size=&quot;medium&quot; link=&quot;file&quot; \"><div id='mesmerize-gallery-1' class='gallery-wrapper'><style type=\"text\/css\">\n                    @media only screen and (min-width: 768px) {\n                    [data-unique-id='mesmerize-gallery-1-69ec9815e13a9'] dl {\n                        float: left;\n                        width: 25% !important;\n                        max-width:  25% !important;\n                        min-width:  25% !important;\n                    }\n\n                    [data-unique-id='mesmerize-gallery-1-69ec9815e13a9'] dl:nth-of-type(4n +1 ) {\n                      clear: both;\n                      }\n                    }\n                <\/style><div id='mesmerize-gallery-1' class='mesmerize-gallery-1-dls-wrapper gallery-items-wrapper materialis-gallery' data-unique-id='mesmerize-gallery-1-69ec9815e13a9'><dl class='gallery-item'>\n\t\t\t<dt class='gallery-icon landscape'>\n\t\t\t\t<a data-fancybox=\"mesmerize-gallery-1-group\" href='https:\/\/bele-alice.com\/wp-content\/uploads\/2020\/12\/AME5152.jpg'><img  width=\"300\" height=\"200\" src=\"https:\/\/bele-alice.com\/wp-content\/uploads\/2020\/12\/AME5152-300x200.jpg\"  class='mesmerize-gallery-1-image' alt=\"\" loading=\"lazy\" srcset=\"https:\/\/bele-alice.com\/wp-content\/uploads\/2020\/12\/AME5152-300x200.jpg 300w, https:\/\/bele-alice.com\/wp-content\/uploads\/2020\/12\/AME5152-1024x683.jpg 1024w, https:\/\/bele-alice.com\/wp-content\/uploads\/2020\/12\/AME5152-768x512.jpg 768w, https:\/\/bele-alice.com\/wp-content\/uploads\/2020\/12\/AME5152-1536x1024.jpg 1536w, https:\/\/bele-alice.com\/wp-content\/uploads\/2020\/12\/AME5152-2048x1366.jpg 2048w, https:\/\/bele-alice.com\/wp-content\/uploads\/2020\/12\/AME5152-1620x1080.jpg 1620w, https:\/\/bele-alice.com\/wp-content\/uploads\/2020\/12\/AME5152-600x400.jpg 600w\" sizes=\"(max-width: 300px) 100vw, 300px\" \/><\/a>\n\t\t\t<\/dt><\/dl><dl class='gallery-item'>\n\t\t\t<dt class='gallery-icon landscape'>\n\t\t\t\t<a data-fancybox=\"mesmerize-gallery-1-group\" href='https:\/\/bele-alice.com\/wp-content\/uploads\/2020\/12\/AME5155.jpg'><img  width=\"300\" height=\"200\" src=\"https:\/\/bele-alice.com\/wp-content\/uploads\/2020\/12\/AME5155-300x200.jpg\"  class='mesmerize-gallery-1-image' alt=\"\" loading=\"lazy\" srcset=\"https:\/\/bele-alice.com\/wp-content\/uploads\/2020\/12\/AME5155-300x200.jpg 300w, https:\/\/bele-alice.com\/wp-content\/uploads\/2020\/12\/AME5155-1024x683.jpg 1024w, https:\/\/bele-alice.com\/wp-content\/uploads\/2020\/12\/AME5155-768x512.jpg 768w, https:\/\/bele-alice.com\/wp-content\/uploads\/2020\/12\/AME5155-1536x1024.jpg 1536w, https:\/\/bele-alice.com\/wp-content\/uploads\/2020\/12\/AME5155-2048x1366.jpg 2048w, https:\/\/bele-alice.com\/wp-content\/uploads\/2020\/12\/AME5155-1620x1080.jpg 1620w, https:\/\/bele-alice.com\/wp-content\/uploads\/2020\/12\/AME5155-600x400.jpg 600w\" sizes=\"(max-width: 300px) 100vw, 300px\" \/><\/a>\n\t\t\t<\/dt><\/dl><dl class='gallery-item'>\n\t\t\t<dt class='gallery-icon landscape'>\n\t\t\t\t<a data-fancybox=\"mesmerize-gallery-1-group\" href='https:\/\/bele-alice.com\/wp-content\/uploads\/2020\/12\/AME5159.jpg'><img  width=\"300\" height=\"200\" src=\"https:\/\/bele-alice.com\/wp-content\/uploads\/2020\/12\/AME5159-300x200.jpg\"  class='mesmerize-gallery-1-image' alt=\"\" loading=\"lazy\" srcset=\"https:\/\/bele-alice.com\/wp-content\/uploads\/2020\/12\/AME5159-300x200.jpg 300w, https:\/\/bele-alice.com\/wp-content\/uploads\/2020\/12\/AME5159-1024x683.jpg 1024w, https:\/\/bele-alice.com\/wp-content\/uploads\/2020\/12\/AME5159-768x512.jpg 768w, https:\/\/bele-alice.com\/wp-content\/uploads\/2020\/12\/AME5159-1536x1024.jpg 1536w, https:\/\/bele-alice.com\/wp-content\/uploads\/2020\/12\/AME5159-2048x1366.jpg 2048w, https:\/\/bele-alice.com\/wp-content\/uploads\/2020\/12\/AME5159-1620x1080.jpg 1620w, https:\/\/bele-alice.com\/wp-content\/uploads\/2020\/12\/AME5159-600x400.jpg 600w\" sizes=\"(max-width: 300px) 100vw, 300px\" \/><\/a>\n\t\t\t<\/dt><\/dl><dl class='gallery-item'>\n\t\t\t<dt class='gallery-icon landscape'>\n\t\t\t\t<a data-fancybox=\"mesmerize-gallery-1-group\" href='https:\/\/bele-alice.com\/wp-content\/uploads\/2020\/12\/AME5162.jpg'><img  width=\"300\" height=\"200\" src=\"https:\/\/bele-alice.com\/wp-content\/uploads\/2020\/12\/AME5162-300x200.jpg\"  class='mesmerize-gallery-1-image' alt=\"\" loading=\"lazy\" srcset=\"https:\/\/bele-alice.com\/wp-content\/uploads\/2020\/12\/AME5162-300x200.jpg 300w, https:\/\/bele-alice.com\/wp-content\/uploads\/2020\/12\/AME5162-1024x683.jpg 1024w, https:\/\/bele-alice.com\/wp-content\/uploads\/2020\/12\/AME5162-768x512.jpg 768w, https:\/\/bele-alice.com\/wp-content\/uploads\/2020\/12\/AME5162-1536x1024.jpg 1536w, https:\/\/bele-alice.com\/wp-content\/uploads\/2020\/12\/AME5162-2048x1366.jpg 2048w, https:\/\/bele-alice.com\/wp-content\/uploads\/2020\/12\/AME5162-1620x1080.jpg 1620w, https:\/\/bele-alice.com\/wp-content\/uploads\/2020\/12\/AME5162-600x400.jpg 600w\" sizes=\"(max-width: 300px) 100vw, 300px\" \/><\/a>\n\t\t\t<\/dt><\/dl><dl class='gallery-item'>\n\t\t\t<dt class='gallery-icon landscape'>\n\t\t\t\t<a data-fancybox=\"mesmerize-gallery-1-group\" href='https:\/\/bele-alice.com\/wp-content\/uploads\/2020\/12\/AME5165.jpg'><img  width=\"300\" height=\"200\" src=\"https:\/\/bele-alice.com\/wp-content\/uploads\/2020\/12\/AME5165-300x200.jpg\"  class='mesmerize-gallery-1-image' alt=\"\" loading=\"lazy\" srcset=\"https:\/\/bele-alice.com\/wp-content\/uploads\/2020\/12\/AME5165-300x200.jpg 300w, https:\/\/bele-alice.com\/wp-content\/uploads\/2020\/12\/AME5165-1024x683.jpg 1024w, https:\/\/bele-alice.com\/wp-content\/uploads\/2020\/12\/AME5165-768x512.jpg 768w, https:\/\/bele-alice.com\/wp-content\/uploads\/2020\/12\/AME5165-1536x1024.jpg 1536w, https:\/\/bele-alice.com\/wp-content\/uploads\/2020\/12\/AME5165-2048x1366.jpg 2048w, https:\/\/bele-alice.com\/wp-content\/uploads\/2020\/12\/AME5165-1620x1080.jpg 1620w, https:\/\/bele-alice.com\/wp-content\/uploads\/2020\/12\/AME5165-600x400.jpg 600w\" sizes=\"(max-width: 300px) 100vw, 300px\" \/><\/a>\n\t\t\t<\/dt><\/dl><dl class='gallery-item'>\n\t\t\t<dt class='gallery-icon landscape'>\n\t\t\t\t<a data-fancybox=\"mesmerize-gallery-1-group\" href='https:\/\/bele-alice.com\/wp-content\/uploads\/2020\/12\/AME5168.jpg'><img  width=\"300\" height=\"200\" src=\"https:\/\/bele-alice.com\/wp-content\/uploads\/2020\/12\/AME5168-300x200.jpg\"  class='mesmerize-gallery-1-image' alt=\"\" loading=\"lazy\" srcset=\"https:\/\/bele-alice.com\/wp-content\/uploads\/2020\/12\/AME5168-300x200.jpg 300w, https:\/\/bele-alice.com\/wp-content\/uploads\/2020\/12\/AME5168-1024x683.jpg 1024w, https:\/\/bele-alice.com\/wp-content\/uploads\/2020\/12\/AME5168-768x512.jpg 768w, https:\/\/bele-alice.com\/wp-content\/uploads\/2020\/12\/AME5168-1536x1024.jpg 1536w, https:\/\/bele-alice.com\/wp-content\/uploads\/2020\/12\/AME5168-2048x1366.jpg 2048w, https:\/\/bele-alice.com\/wp-content\/uploads\/2020\/12\/AME5168-1620x1080.jpg 1620w, https:\/\/bele-alice.com\/wp-content\/uploads\/2020\/12\/AME5168-600x400.jpg 600w\" sizes=\"(max-width: 300px) 100vw, 300px\" \/><\/a>\n\t\t\t<\/dt><\/dl><dl class='gallery-item'>\n\t\t\t<dt class='gallery-icon landscape'>\n\t\t\t\t<a data-fancybox=\"mesmerize-gallery-1-group\" href='https:\/\/bele-alice.com\/wp-content\/uploads\/2020\/12\/AME5169.jpg'><img  width=\"300\" height=\"200\" src=\"https:\/\/bele-alice.com\/wp-content\/uploads\/2020\/12\/AME5169-300x200.jpg\"  class='mesmerize-gallery-1-image' alt=\"\" loading=\"lazy\" srcset=\"https:\/\/bele-alice.com\/wp-content\/uploads\/2020\/12\/AME5169-300x200.jpg 300w, https:\/\/bele-alice.com\/wp-content\/uploads\/2020\/12\/AME5169-1024x683.jpg 1024w, https:\/\/bele-alice.com\/wp-content\/uploads\/2020\/12\/AME5169-768x512.jpg 768w, https:\/\/bele-alice.com\/wp-content\/uploads\/2020\/12\/AME5169-1536x1024.jpg 1536w, https:\/\/bele-alice.com\/wp-content\/uploads\/2020\/12\/AME5169-2048x1366.jpg 2048w, https:\/\/bele-alice.com\/wp-content\/uploads\/2020\/12\/AME5169-1620x1080.jpg 1620w, https:\/\/bele-alice.com\/wp-content\/uploads\/2020\/12\/AME5169-600x400.jpg 600w\" sizes=\"(max-width: 300px) 100vw, 300px\" \/><\/a>\n\t\t\t<\/dt><\/dl><dl class='gallery-item'>\n\t\t\t<dt class='gallery-icon landscape'>\n\t\t\t\t<a data-fancybox=\"mesmerize-gallery-1-group\" href='https:\/\/bele-alice.com\/wp-content\/uploads\/2020\/12\/AME5170.jpg'><img  width=\"300\" height=\"200\" src=\"https:\/\/bele-alice.com\/wp-content\/uploads\/2020\/12\/AME5170-300x200.jpg\"  class='mesmerize-gallery-1-image' alt=\"\" loading=\"lazy\" srcset=\"https:\/\/bele-alice.com\/wp-content\/uploads\/2020\/12\/AME5170-300x200.jpg 300w, https:\/\/bele-alice.com\/wp-content\/uploads\/2020\/12\/AME5170-1024x683.jpg 1024w, https:\/\/bele-alice.com\/wp-content\/uploads\/2020\/12\/AME5170-768x512.jpg 768w, https:\/\/bele-alice.com\/wp-content\/uploads\/2020\/12\/AME5170-1536x1024.jpg 1536w, https:\/\/bele-alice.com\/wp-content\/uploads\/2020\/12\/AME5170-2048x1366.jpg 2048w, https:\/\/bele-alice.com\/wp-content\/uploads\/2020\/12\/AME5170-1620x1080.jpg 1620w, https:\/\/bele-alice.com\/wp-content\/uploads\/2020\/12\/AME5170-600x400.jpg 600w\" sizes=\"(max-width: 300px) 100vw, 300px\" \/><\/a>\n\t\t\t<\/dt><\/dl><dl class='gallery-item'>\n\t\t\t<dt class='gallery-icon portrait'>\n\t\t\t\t<a data-fancybox=\"mesmerize-gallery-1-group\" href='https:\/\/bele-alice.com\/wp-content\/uploads\/2020\/12\/AME5172.jpg'><img  width=\"200\" height=\"300\" src=\"https:\/\/bele-alice.com\/wp-content\/uploads\/2020\/12\/AME5172-200x300.jpg\"  class='mesmerize-gallery-1-image' alt=\"\" loading=\"lazy\" srcset=\"https:\/\/bele-alice.com\/wp-content\/uploads\/2020\/12\/AME5172-200x300.jpg 200w, https:\/\/bele-alice.com\/wp-content\/uploads\/2020\/12\/AME5172-683x1024.jpg 683w, https:\/\/bele-alice.com\/wp-content\/uploads\/2020\/12\/AME5172-768x1152.jpg 768w, https:\/\/bele-alice.com\/wp-content\/uploads\/2020\/12\/AME5172-1024x1536.jpg 1024w, https:\/\/bele-alice.com\/wp-content\/uploads\/2020\/12\/AME5172-1366x2048.jpg 1366w, https:\/\/bele-alice.com\/wp-content\/uploads\/2020\/12\/AME5172-720x1080.jpg 720w, https:\/\/bele-alice.com\/wp-content\/uploads\/2020\/12\/AME5172-600x900.jpg 600w, https:\/\/bele-alice.com\/wp-content\/uploads\/2020\/12\/AME5172.jpg 1667w\" sizes=\"(max-width: 200px) 100vw, 200px\" \/><\/a>\n\t\t\t<\/dt><\/dl><dl class='gallery-item'>\n\t\t\t<dt class='gallery-icon landscape'>\n\t\t\t\t<a data-fancybox=\"mesmerize-gallery-1-group\" href='https:\/\/bele-alice.com\/wp-content\/uploads\/2020\/12\/AME5173.jpg'><img  width=\"300\" height=\"200\" src=\"https:\/\/bele-alice.com\/wp-content\/uploads\/2020\/12\/AME5173-300x200.jpg\"  class='mesmerize-gallery-1-image' alt=\"\" loading=\"lazy\" srcset=\"https:\/\/bele-alice.com\/wp-content\/uploads\/2020\/12\/AME5173-300x200.jpg 300w, https:\/\/bele-alice.com\/wp-content\/uploads\/2020\/12\/AME5173-1024x683.jpg 1024w, https:\/\/bele-alice.com\/wp-content\/uploads\/2020\/12\/AME5173-768x512.jpg 768w, https:\/\/bele-alice.com\/wp-content\/uploads\/2020\/12\/AME5173-1536x1024.jpg 1536w, https:\/\/bele-alice.com\/wp-content\/uploads\/2020\/12\/AME5173-2048x1366.jpg 2048w, https:\/\/bele-alice.com\/wp-content\/uploads\/2020\/12\/AME5173-1620x1080.jpg 1620w, https:\/\/bele-alice.com\/wp-content\/uploads\/2020\/12\/AME5173-600x400.jpg 600w\" sizes=\"(max-width: 300px) 100vw, 300px\" \/><\/a>\n\t\t\t<\/dt><\/dl>\n\t\t\t\n\t\t<\/div>\n<script>(function($){window.MaterialisCaptionsGallery && window.MaterialisCaptionsGallery($('[data-unique-id=\"mesmerize-gallery-1-69ec9815e13a9\"]'))})(jQuery)<\/script><\/div><\/div><\/div> <\/div><\/div>","protected":false},"excerpt":{"rendered":"<p>\ufeffMax et Pompon sont fr\u00e8res, ag\u00e9s d\u2019un ou deux ans, ils sont arriv\u00e9s \u00e0 l\u2019association depuis quelques semaines.&nbsp;Ils ont \u00e9t\u00e9 castr\u00e9s.Max et Pompon ont \u00e9t\u00e9 achet\u00e9 par dans \u00e9levage de ch\u00e8vres naines. Malheureusement, l\u2019\u00e9leveur a tr\u00e8s mal conseill\u00e9 leurs propi\u00e9taires sur les besoins des deux boucs. Le couple adoptant s\u2019est vite rendu compte que les&hellip; <br \/> <a class=\"read-more\" href=\"https:\/\/bele-alice.com\/index.php\/max-et-pompon\/\">Read more<\/a><\/p>\n","protected":false},"author":1,"featured_media":1574,"parent":0,"menu_order":0,"comment_status":"closed","ping_status":"closed","template":"pro\/page-templates\/full-width-page.php","meta":[],"_links":{"self":[{"href":"https:\/\/bele-alice.com\/index.php\/wp-json\/wp\/v2\/pages\/1565"}],"collection":[{"href":"https:\/\/bele-alice.com\/index.php\/wp-json\/wp\/v2\/pages"}],"about":[{"href":"https:\/\/bele-alice.com\/index.php\/wp-json\/wp\/v2\/types\/page"}],"author":[{"embeddable":true,"href":"https:\/\/bele-alice.com\/index.php\/wp-json\/wp\/v2\/users\/1"}],"replies":[{"embeddable":true,"href":"https:\/\/bele-alice.com\/index.php\/wp-json\/wp\/v2\/comments?post=1565"}],"version-history":[{"count":3,"href":"https:\/\/bele-alice.com\/index.php\/wp-json\/wp\/v2\/pages\/1565\/revisions"}],"predecessor-version":[{"id":1583,"href":"https:\/\/bele-alice.com\/index.php\/wp-json\/wp\/v2\/pages\/1565\/revisions\/1583"}],"wp:featuredmedia":[{"embeddable":true,"href":"https:\/\/bele-alice.com\/index.php\/wp-json\/wp\/v2\/media\/1574"}],"wp:attachment":[{"href":"https:\/\/bele-alice.com\/index.php\/wp-json\/wp\/v2\/media?parent=1565"}],"curies":[{"name":"wp","href":"https:\/\/api.w.org\/{rel}","templated":true}]}}