{"id":16,"date":"2020-04-12T10:26:29","date_gmt":"2020-04-12T08:26:29","guid":{"rendered":"http:\/\/bele-alice.com\/?page_id=16"},"modified":"2020-04-25T14:28:41","modified_gmt":"2020-04-25T12:28:41","slug":"a-propos-de","status":"publish","type":"page","link":"https:\/\/bele-alice.com\/index.php\/a-propos-de\/","title":{"rendered":"\u00c0 propos de B\u00eale Alice"},"content":{"rendered":"<div  id=\"content-4\" class=\"content-5-2 content-section content-section-spacing content-relative full-screen-section\" style=\"background-color: #ffffff; background-image: none;\" data-label=\"Content\" data-id=\"content--4\" data-export-id=\"content-5-2\" data-category=\"content\">\n<div  class=\"gridContainer\">\n<div  class=\"row text-center\" data-section-title-area=\"true\">\n<div  class=\"section-title-col\" data-type=\"column\">\n<h2  class=\"\"><span  style=\"color: #000000;\">L\u2019origine de l\u2019association<\/span><\/h2>\n<\/div>\n<\/div>\n<div  class=\"row middle-sm\">\n<div  class=\"col-sm-6 flexbox around-xs top-xs\">\n<div  class=\"overlay-box flexbox middle-xs center-xs overlay-holder\">\n<div  class=\"overlay-box-offset shadow-medium bg-color2 offset-background hide-xs\"><\/div>\n<img loading=\"lazy\"  class=\"flexbox shadow-large img1 alignnone\" title=\"cropped-alice-3-2.jpg\" src=\"http:\/\/bele-alice.com\/wp-content\/uploads\/2020\/04\/cropped-alice-3-2.jpg\" alt=\"\" width=\"1122\" height=\"1494\" data-size=\"485x632\">\n\n<\/div>\n<\/div>\n<div  class=\"col-sm-6 space-bottom-xs\">\n<div  class=\"row space-bottom content-holder content-left-sm\" data-type=\"column\"><\/div>\n<div  class=\"row space-bottom\" data-type=\"row\">\n<div  class=\"col-sm-6 space-bottom col-md-12\">\n<p  class=\"lead\" style=\"text-align: justify;\"><span  style=\"color: #000000;\">L\u2019association B\u00eale Alice, est le fruit d\u2019une rencontre hasardeuse entre une jeune femme amoureuse des animaux et une ch\u00e8vre r\u00e9form\u00e9e d\u2019\u00e9levage.<\/span>\n<span  style=\"color: #000000;\">\nAlice, la ch\u00e8vre, \u00e9tait destin\u00e9e \u00e0 l\u2019abattoir, plus assez productive pour l\u2019\u00e9leveur, il voulait s\u2019en d\u00e9barrasser. Am\u00e9lie a entendu parler de cette triste ch\u00e8vre qui apr\u00e8s avoir \u00e9t\u00e9 au servir de l\u2019homme toute sa vie se retrouvait laiss\u00e9e pour compte. Elle a d\u00e9cid\u00e9 de la r\u00e9cup\u00e9rer. En repartant de chez l\u2019\u00e9leveur, ce n\u2019est pas une, mais quatres ch\u00e8vres qui accompagnaient Am\u00e9lie. Cette rencontre fut un r\u00e9el coup de foudre, celui-ci n\u2019a fait que se confirmer avec le<\/span> temps.<\/p>\n<p  class=\"lead\" style=\"text-align: justify;\"><span  style=\"color: #000000;\">Les ch\u00e8vres sont des animaux m\u00e9connus du public. Qui ne s\u2019est&nbsp;jamais attendri devant une vid\u00e9o de chevreaux sautant dans tous les sens ? Tout le monde adore les voir sur des \u00e9crans, mais tr\u00e8s peu de personnes ont vraiment eu l\u2019occasion d\u2019en rencontrer, d\u2019apprendre \u00e0 les connaitre, de prendre le temps de les observer<\/span>.<\/p>\n\n<a  class=\"button big color6 dark-text round\" href=\"http:\/\/bele-alice.com\/index.php\/lhistoire-dalice\" target=\"_self\" data-cp-link=\"1\" data-icon=\"fa-book\"><span  class=\"button-icon fa fa-book\"><\/span>L\u2019histoire d\u2019Alice<\/a><\/div>\n<\/div>\n<\/div>\n<\/div>\n<\/div>\n<div  class=\"section-separator-bottom\">\n    <svg  xmlns=\"http:\/\/www.w3.org\/2000\/svg\" viewBox=\"0 0 1000 100\" preserveAspectRatio=\"none\" data-separator-name=\"mountains\" class=\"section-separator-bottom\">\n\t<path  class=\"svg-white-bg\" opacity=\"0.33\" d=\"M473,67.3c-203.9,88.3-263.1-34-320.3,0C66,119.1,0,59.7,0,59.7V0h1000v59.7 c0,0-62.1,26.1-94.9,29.3c-32.8,3.3-62.8-12.3-75.8-22.1C806,49.6,745.3,8.7,694.9,4.7S492.4,59,473,67.3z\"><\/path>\n\t<path  class=\"svg-white-bg\" opacity=\"0.66\" d=\"M734,67.3c-45.5,0-77.2-23.2-129.1-39.1c-28.6-8.7-150.3-10.1-254,39.1 s-91.7-34.4-149.2,0C115.7,118.3,0,39.8,0,39.8V0h1000v36.5c0,0-28.2-18.5-92.1-18.5C810.2,18.1,775.7,67.3,734,67.3z\"><\/path>\n\t<path  class=\"svg-white-bg\" d=\"M766.1,28.9c-200-57.5-266,65.5-395.1,19.5C242,1.8,242,5.4,184.8,20.6C128,35.8,132.3,44.9,89.9,52.5C28.6,63.7,0,0,0,0 h1000c0,0-9.9,40.9-83.6,48.1S829.6,47,766.1,28.9z\"><\/path>\n<\/svg>\n<\/div><\/div><div  id=\"content-5\" class=\"content-5 content-section content-section-spacing full-screen-section content-relative\" style=\"background-color: #6d994a; background-image: none;\" data-label=\"Content\" data-id=\"content--5\" data-export-id=\"content-5\" data-category=\"content\">\n\n<div  class=\"gridContainer\">\n\n<div  class=\"row middle-sm\">\n<div  class=\"col-sm-6 space-bottom-xs\">\n<div  class=\"row space-bottom content-holder\" data-type=\"column\"><\/div>\n<div  class=\"row space-bottom\" data-type=\"row\">\n<div  class=\"col-sm-6 space-bottom col-md-12\">\n<h2  class=\"\" style=\"text-align: center;\"><span  style=\"color: rgb(0, 0, 0);\">Pourquoi sauver les ch\u00e8vres ?<\/span><\/h2><p  class=\"lead\" style=\"text-align: justify;\"><span  style=\"color: #000000;\">Dans les ch\u00e8vreries, les ch\u00e8vres sont exploit\u00e9es pour leur lait. Pour produire ce lait, les femelles doivent avoir un ou des petits. Dans la nature, ce lait servirait \u00e0 nourrir ces chevreaux, mais la r\u00e9alit\u00e9 est tout d\u2019autre. Apr\u00e8s la naissance, les chevreaux sont s\u00e9par\u00e9s de leur m\u00e8re. En effet, pour l\u2019\u00e9leveur, ils ne doivent pas consommer le pr\u00e9cieux lait, car celui-ci servira \u00e0 faire du fromage. La ch\u00e8vre est une machine \u00e0 lait.<\/span>\n<span  style=\"color: #000000;\">\nApr\u00e8s avoir \u00e9t\u00e9 engraiss\u00e9s, chevreaux et chevrettes, non utiles \u00e0 l\u2019\u00e9leveur, sont envoy\u00e9s \u00e0 l\u2019abattoir. Certaines chevrettes resteront \u00e0 l\u2019\u00e9levage et suivront le chemin de leur m\u00e8re. Arriv\u00e9e \u00e0 l\u2019\u00e2ge de 6\/7 ans, parfois moins, parfois plus, les ch\u00e8vres seront gentiment remerci\u00e9es et envoy\u00e9es \u00e0 l\u2019abattoir. Durant leurs ann\u00e9es de vie dans la ch\u00e8vrerie la plupart ne verront pas la couleur de l\u2019herbe. D\u2019autres seront plus chanceuses et auront acc\u00e8s \u00e0 un p\u00e2turage.<\/span><\/p>\n\n<\/div>\n<\/div>\n<\/div>\n<div  class=\"col-sm-6 flexbox around-xs top-xs space-bottom-xs\">\n<div  class=\"overlay-box flexbox middle-xs center-xs overlay-holder\">\n<div  class=\"overlay-box-offset offset-background shadow-medium bg-color2 hide-xs\"><\/div>\n<img  class=\"flexbox shadow-large img1\" title=\"cropped-AME2900.jpg\" src=\"http:\/\/bele-alice.com\/wp-content\/uploads\/2020\/04\/cropped-AME2900.jpg\" alt=\"\" data-size=\"485x632\">\n\n<\/div>\n<\/div>\n<\/div>\n<\/div>\n<div  class=\"section-separator-bottom\">\n    <svg  xmlns=\"http:\/\/www.w3.org\/2000\/svg\" viewBox=\"0 0 1000 100\" preserveAspectRatio=\"none\" data-separator-name=\"mountains\" class=\"section-separator-bottom\">\n\t<path  class=\"svg-white-bg\" opacity=\"0.33\" d=\"M473,67.3c-203.9,88.3-263.1-34-320.3,0C66,119.1,0,59.7,0,59.7V0h1000v59.7 c0,0-62.1,26.1-94.9,29.3c-32.8,3.3-62.8-12.3-75.8-22.1C806,49.6,745.3,8.7,694.9,4.7S492.4,59,473,67.3z\"><\/path>\n\t<path  class=\"svg-white-bg\" opacity=\"0.66\" d=\"M734,67.3c-45.5,0-77.2-23.2-129.1-39.1c-28.6-8.7-150.3-10.1-254,39.1 s-91.7-34.4-149.2,0C115.7,118.3,0,39.8,0,39.8V0h1000v36.5c0,0-28.2-18.5-92.1-18.5C810.2,18.1,775.7,67.3,734,67.3z\"><\/path>\n\t<path  class=\"svg-white-bg\" d=\"M766.1,28.9c-200-57.5-266,65.5-395.1,19.5C242,1.8,242,5.4,184.8,20.6C128,35.8,132.3,44.9,89.9,52.5C28.6,63.7,0,0,0,0 h1000c0,0-9.9,40.9-83.6,48.1S829.6,47,766.1,28.9z\"><\/path>\n<\/svg>\n<\/div><\/div><div  id=\"content-6\" class=\"content-5-2 content-section content-section-spacing content-relative full-screen-section\" style=\"background-color: #ffffff;\" data-label=\"Content\" data-id=\"content--6\" data-export-id=\"content-5-2\" data-category=\"content\">\n\n<div  class=\"gridContainer\">\n<div  class=\"row text-center\">\n<div  class=\"section-title-col\" data-type=\"column\">\n<h2  class=\"\"><span  style=\"color: #000000;\">Nos objectifs<\/span><\/h2>\n<\/div>\n<\/div>\n<div  class=\"row middle-sm\">\n<div  class=\"col-sm-6 flexbox around-xs top-xs\">\n<div  class=\"overlay-box flexbox middle-xs center-xs overlay-holder\">\n<div  class=\"overlay-box-offset offset-background shadow-medium bg-color2 hide-xs\"><\/div>\n<img  class=\"flexbox shadow-large img1\" title=\"cropped-DSC2763.jpg\" src=\"http:\/\/bele-alice.com\/wp-content\/uploads\/2020\/04\/cropped-DSC2763.jpg\" alt=\"\" data-size=\"485x632\">\n\n<\/div>\n<\/div>\n<div  class=\"col-sm-6 space-bottom-xs\">\n<div  class=\"row space-bottom content-holder\" data-type=\"column\"><\/div>\n<div  class=\"row space-bottom\" data-type=\"row\">\n<div  class=\"col-sm-6 col-md-12\">\n<p  class=\"lead\" style=\"text-align: justify;\"><span  style=\"color: #000000;\">Afin de pouvoir aider les ch\u00e8vres d\u2019\u00e9levage nous avons mis en place trois objectifs.\n\n<\/span><span  style=\"color: #000000;\">\u2013 Notre premier objectif est de sauver un maximum de ch\u00e8vres adultes et de chevreaux afin qu\u2019ils ne finissent pas \u00e0 l\u2019abattoir. Pour cela, nous sommes en contact direct ou indirect avec des \u00e9leveurs, mais nous travaillons aussi avec d\u2019autres associations. Cet objectif d\u00e9pend grandement de nos moyens financiers et mat\u00e9riels.\n\n<\/span><span  style=\"color: #000000;\">\u2013 Le second objectif est la sensibilisation du public, mais aussi des \u00e9leveurs. Nous souhaitons que les conditions d\u2019\u00e9levage soient compl\u00e8tement revues et que la productivit\u00e9 n\u2019aille pas \u00e0 l\u2019encontre du bien-\u00eatre animal. Dans l\u2019id\u00e9al nous souhaiterions que plus aucune ch\u00e8vre ne soit exploit\u00e9e. Pour cela, nous communiquons sur les r\u00e9seaux sociaux, mais aussi directement avec les \u00e9leveurs.\n<\/span><span  style=\"color: #000000;\">\u2013 Notre troisi\u00e8me objectif, qui va de pair avec les deux premiers et la cr\u00e9ation d\u2019un sanctuaire pour les ch\u00e8vres. Pour cela, nous avons besoin de vous !<\/span><\/p>\n\n<\/div>\n<\/div>\n<\/div>\n<\/div>\n<\/div>\n<\/div>","protected":false},"excerpt":{"rendered":"<p>L\u2019origine de l\u2019association L\u2019association B\u00eale Alice, est le fruit d\u2019une rencontre hasardeuse entre une jeune femme amoureuse des animaux et une ch\u00e8vre r\u00e9form\u00e9e d\u2019\u00e9levage. Alice, la ch\u00e8vre, \u00e9tait destin\u00e9e \u00e0 l\u2019abattoir, plus assez productive pour l\u2019\u00e9leveur, il voulait s\u2019en d\u00e9barrasser. Am\u00e9lie a entendu parler de cette triste ch\u00e8vre qui apr\u00e8s avoir \u00e9t\u00e9 au servir de&hellip; <br \/> <a class=\"read-more\" href=\"https:\/\/bele-alice.com\/index.php\/a-propos-de\/\">Read more<\/a><\/p>\n","protected":false},"author":1,"featured_media":130,"parent":0,"menu_order":0,"comment_status":"closed","ping_status":"closed","template":"pro\/page-templates\/full-width-page.php","meta":[],"_links":{"self":[{"href":"https:\/\/bele-alice.com\/index.php\/wp-json\/wp\/v2\/pages\/16"}],"collection":[{"href":"https:\/\/bele-alice.com\/index.php\/wp-json\/wp\/v2\/pages"}],"about":[{"href":"https:\/\/bele-alice.com\/index.php\/wp-json\/wp\/v2\/types\/page"}],"author":[{"embeddable":true,"href":"https:\/\/bele-alice.com\/index.php\/wp-json\/wp\/v2\/users\/1"}],"replies":[{"embeddable":true,"href":"https:\/\/bele-alice.com\/index.php\/wp-json\/wp\/v2\/comments?post=16"}],"version-history":[{"count":34,"href":"https:\/\/bele-alice.com\/index.php\/wp-json\/wp\/v2\/pages\/16\/revisions"}],"predecessor-version":[{"id":1154,"href":"https:\/\/bele-alice.com\/index.php\/wp-json\/wp\/v2\/pages\/16\/revisions\/1154"}],"wp:featuredmedia":[{"embeddable":true,"href":"https:\/\/bele-alice.com\/index.php\/wp-json\/wp\/v2\/media\/130"}],"wp:attachment":[{"href":"https:\/\/bele-alice.com\/index.php\/wp-json\/wp\/v2\/media?parent=16"}],"curies":[{"name":"wp","href":"https:\/\/api.w.org\/{rel}","templated":true}]}}