{"id":1649,"date":"2021-10-11T22:35:28","date_gmt":"2021-10-11T20:35:28","guid":{"rendered":"http:\/\/bele-alice.com\/?page_id=1649"},"modified":"2021-10-12T16:13:33","modified_gmt":"2021-10-12T14:13:33","slug":"a-adopter","status":"publish","type":"page","link":"https:\/\/bele-alice.com\/index.php\/a-adopter\/","title":{"rendered":"Animaux \u00e0 l&#8217;adoption"},"content":{"rendered":"<div data-label=\"Content\" data-id=\"content--1\" data-export-id=\"content-12\" data-category=\"content\" class=\"content-12 content-section content-section-spacing\" id=\"content-1\"  style=\"background-color: rgb(255, 255, 255);\"><div class=\"gridContainer\" > <div class=\"row text-center\" ><div class=\"section-title-col\" data-type=\"column\" > <h2 class=\"\" >Nos prot\u00e9g\u00e9s \u00e0 l&#8217;adoption<\/h2> <p class=\"lead\" >Vous trouverez ici nos prot\u00e9g\u00e9s qui peuvent \u00eatre adopt\u00e9s. Attention, l&#8217;adoption doit \u00eatre un acte r\u00e9fl\u00e9chi !\r\n<br >Pour toutes demandes d&#8217;adoption merci de bien lire <a data-mce-href=\"..\/adoption\/\" href=\"..\/adoption\/\" target=\"_self\" data-mce-selected=\"inline-boundary\" data-cp-link=\"1\" rel=\"noopener\">les conditions d&#8217;adoption et remplir le formulaire<\/a>.<\/p><\/div> <\/div> <div class=\"row center-xs middle-xs\" > <div class=\"col-sm-9\" data-type=\"column\" ><div data-editable=\"true\" data-name=\"ope-custom-content-shortcode\" data-content-shortcode=\"everest_gallery alias=&quot;A adopter&quot;\" class=\"\" ><div class=\"eg-grid-wrap eg-wrap eg-column-2 eg-grid-layout-2 eg-component-lightbox-link-title-caption\"\r\n     data-desktop-column=\"2\"\r\n     data-tablet-column=\"2\"\r\n     data-mobile-column=\"2\"\r\n     data-lightbox-type=\"pretty_photo\"\r\n              data-pretty_photo-theme =\"pp_default\"\r\n         data-pretty_photo-social =\"false\"\r\n              data-gallery-id=\"YO596Pp5h9\"\r\n     data-lightbox-status=\"true\"\r\n          >\r\n        \r\n    <div class=\"eg-grid-items-wrap clearfix\">\r\n        <div class=\"eg-each-item eg-overlay-layout-3 \" data-eg-item-key=\"eg_item_vmhScxOE6IMN646\">\n    \n\n            <div class=\"eg-masonary-padding\">\n            <div class=\"eg-overlay-wrapper\" onclick=\"\">\n\n                <a href=\"https:\/\/bele-alice.com\/wp-content\/uploads\/2020\/12\/Pompon.jpg\"\n                   data-lightbox-type=\"pretty_photo\"\n                   rel=\"prettyPhoto[gallery_1]\"\n                   title=\"\"\n                   data-item-type=\"image\"\n                   data-index=\"1\"\n                   data-total-items=\"2\"\n                   >\n                    <img src=\"https:\/\/bele-alice.com\/wp-content\/uploads\/2020\/12\/Pompon-200x300.jpg\" alt=\"Pompon\"\/>\n                <\/a>\n                <div class=\"eg-mask\">\n                    <div class=\"eg-inner-wrapper\">\n                        <div class=\"eg-content-holder\">\r\n            <div class=\"eg-button-holder\">\r\n                            <a href=\"javascript:void(0);\" class=\"eg-zoom\"><i class=\"fa fa-search\" aria-hidden=\"true\"><\/i><\/a>\r\n                                        <a href=\"http:\/\/bele-alice.com\/index.php\/max-et-pompon\/\" class=\"eg-link\" target=\"_self\"><i class=\"fa fa-link\" aria-hidden=\"true\"><\/i><\/a>\r\n                    <\/div>\r\n                <span class=\"eg-title eg-main-title\">Pompon<\/span>\r\n                <div class=\"eg-caption\">\r\n                            <span class=\"eg-title\" style=\"display:none\">Pompon<\/span>\r\n                        \r\n                <p><\/p>\r\n                    <\/div>\r\n        <\/div>                    <\/div>\n                    <span class=\"add\" style=\"display: none\">\n                        <i class=\"fa fa-plus\"><\/i>\n                    <\/span>\n                                            <div class=\"eg-caption-holder\" style=\"display: none\">\n                                                            <span class=\"eg-title\">Pompon<\/span>\n                                                                                        <p><\/p>\n                                                    <\/div>\n                                    <\/div>\n                <div class=\"slider-overlay\"><\/div>\n                            <\/div>\n                            <div class=\"eg-slider-caption eg-filmstrip-caption\">\n                                            <span class=\"eg-title\" style=\"display:none\">Pompon<\/span>\n                                                <p><\/p>\n                                    <\/div>\n                    <\/div>\n        <!---Blog Layout -->\n<\/div>\r\n                <div class=\"eg-each-item eg-overlay-layout-3 \" data-eg-item-key=\"eg_item_rmtjpwWGYMDNUvT\">\n    \n\n            <div class=\"eg-masonary-padding\">\n            <div class=\"eg-overlay-wrapper\" onclick=\"\">\n\n                <a href=\"https:\/\/bele-alice.com\/wp-content\/uploads\/2020\/12\/Max.jpg\"\n                   data-lightbox-type=\"pretty_photo\"\n                   rel=\"prettyPhoto[gallery_1]\"\n                   title=\"\"\n                   data-item-type=\"image\"\n                   data-index=\"2\"\n                   data-total-items=\"2\"\n                   >\n                    <img src=\"https:\/\/bele-alice.com\/wp-content\/uploads\/2020\/12\/Max-200x300.jpg\" alt=\"Max\"\/>\n                <\/a>\n                <div class=\"eg-mask\">\n                    <div class=\"eg-inner-wrapper\">\n                        <div class=\"eg-content-holder\">\r\n            <div class=\"eg-button-holder\">\r\n                            <a href=\"javascript:void(0);\" class=\"eg-zoom\"><i class=\"fa fa-search\" aria-hidden=\"true\"><\/i><\/a>\r\n                                        <a href=\"http:\/\/bele-alice.com\/index.php\/max-et-pompon\/\" class=\"eg-link\" target=\"_self\"><i class=\"fa fa-link\" aria-hidden=\"true\"><\/i><\/a>\r\n                    <\/div>\r\n                <span class=\"eg-title eg-main-title\">Max<\/span>\r\n                <div class=\"eg-caption\">\r\n                            <span class=\"eg-title\" style=\"display:none\">Max<\/span>\r\n                        \r\n                <p><\/p>\r\n                    <\/div>\r\n        <\/div>                    <\/div>\n                    <span class=\"add\" style=\"display: none\">\n                        <i class=\"fa fa-plus\"><\/i>\n                    <\/span>\n                                            <div class=\"eg-caption-holder\" style=\"display: none\">\n                                                            <span class=\"eg-title\">Max<\/span>\n                                                                                        <p><\/p>\n                                                    <\/div>\n                                    <\/div>\n                <div class=\"slider-overlay\"><\/div>\n                            <\/div>\n                            <div class=\"eg-slider-caption eg-filmstrip-caption\">\n                                            <span class=\"eg-title\" style=\"display:none\">Max<\/span>\n                                                <p><\/p>\n                                    <\/div>\n                    <\/div>\n        <!---Blog Layout -->\n<\/div>\r\n                        <\/div>\r\n        \r\n<\/div>\r\n\r\n\r\n            <style>\r\n            <\/style>\r\n            <\/div> <\/div> <\/div><\/div> <\/div>","protected":false},"excerpt":{"rendered":"<p>Nos prot\u00e9g\u00e9s \u00e0 l&#8217;adoption Vous trouverez ici nos prot\u00e9g\u00e9s qui peuvent \u00eatre adopt\u00e9s. Attention, l&#8217;adoption doit \u00eatre un acte r\u00e9fl\u00e9chi ! Pour toutes demandes d&#8217;adoption merci de bien lire les conditions d&#8217;adoption et remplir le formulaire.<\/p>\n","protected":false},"author":1,"featured_media":1574,"parent":0,"menu_order":0,"comment_status":"closed","ping_status":"closed","template":"pro\/page-templates\/full-width-page.php","meta":[],"_links":{"self":[{"href":"https:\/\/bele-alice.com\/index.php\/wp-json\/wp\/v2\/pages\/1649"}],"collection":[{"href":"https:\/\/bele-alice.com\/index.php\/wp-json\/wp\/v2\/pages"}],"about":[{"href":"https:\/\/bele-alice.com\/index.php\/wp-json\/wp\/v2\/types\/page"}],"author":[{"embeddable":true,"href":"https:\/\/bele-alice.com\/index.php\/wp-json\/wp\/v2\/users\/1"}],"replies":[{"embeddable":true,"href":"https:\/\/bele-alice.com\/index.php\/wp-json\/wp\/v2\/comments?post=1649"}],"version-history":[{"count":4,"href":"https:\/\/bele-alice.com\/index.php\/wp-json\/wp\/v2\/pages\/1649\/revisions"}],"predecessor-version":[{"id":1725,"href":"https:\/\/bele-alice.com\/index.php\/wp-json\/wp\/v2\/pages\/1649\/revisions\/1725"}],"wp:featuredmedia":[{"embeddable":true,"href":"https:\/\/bele-alice.com\/index.php\/wp-json\/wp\/v2\/media\/1574"}],"wp:attachment":[{"href":"https:\/\/bele-alice.com\/index.php\/wp-json\/wp\/v2\/media?parent=1649"}],"curies":[{"name":"wp","href":"https:\/\/api.w.org\/{rel}","templated":true}]}}