{"id":1730,"date":"2021-10-13T22:26:44","date_gmt":"2021-10-13T20:26:44","guid":{"rendered":"http:\/\/bele-alice.com\/?page_id=1730"},"modified":"2021-10-13T22:46:39","modified_gmt":"2021-10-13T20:46:39","slug":"gaston-4","status":"publish","type":"page","link":"https:\/\/bele-alice.com\/index.php\/gaston-4\/","title":{"rendered":"Gaston"},"content":{"rendered":"<div data-label=\"Overlappable\" data-id=\"overlappable--1\" data-export-id=\"overlappable-4-mc\" data-category=\"overlappable\" class=\"overlappable-4-mc content-section content-section-spacing\" data-overlap=\"true\" id=\"overlappable-1\"  style=\"background-color: rgb(255, 255, 255);\"><div class=\"gridContainer\" > <div data-type=\"row\" class=\"row spaced-cols text-center\" ><div class=\"col-xs-12 col-sm-4 col-padding col-md-3 \" >  <div data-type=\"column\" class=\"\" >  <img  class=\"custom-image\" src=\"http:\/\/bele-alice.com\/wp-content\/uploads\/2020\/10\/sexe-garcon.jpg\" title=\"sexe garcon\" alt=\"\"><\/div> <\/div>  <div class=\"col-xs-12 col-sm-4 col-padding col-md-3\" >  <div data-type=\"column\" class=\"\" >  <img  class=\"custom-image\" src=\"http:\/\/bele-alice.com\/wp-content\/uploads\/2020\/04\/race-naine.jpg\" title=\"race naine\" alt=\"\"><\/div> <\/div><div class=\"col-xs-12 col-sm-4 col-padding col-md-3\" >  <div data-type=\"column\" class=\"\" >  <img  class=\"custom-image\" src=\"http:\/\/bele-alice.com\/wp-content\/uploads\/2020\/04\/2020.jpg\" title=\"2020\" alt=\"\"><\/div> <\/div><div class=\"col-xs-12 col-sm-4 col-padding col-md-3\" >  <div data-type=\"column\" class=\"\" >  <img  class=\"custom-image\" src=\"http:\/\/bele-alice.com\/wp-content\/uploads\/2020\/04\/parrainer.jpg\" title=\"parrainer\" alt=\"\"><\/div> <\/div><\/div> <\/div><\/div><div data-label=\"Gallery\" data-id=\"gallery--1\" data-export-id=\"gallery-1\" data-category=\"gallery\" class=\"gallery-1 content-section content-section-spacing\" id=\"gallery-1\"  style=\"background-color: rgb(255, 255, 255); background-image: none;\"><div class=\"gridContainer\" > <div class=\"row\" ><div class=\"section-title-col\" data-type=\"column\" >  <p class=\"lead\"  style=\"text-align: justify;\"><span id=\"_mce_caret\" data-mce-bogus=\"1\" data-mce-type=\"format-caret\" ><span style=\"color: rgb(0, 0, 0);\" >Gaston a vu le jour dans une ferme p\u00e9dagogique. Non destin\u00e9s \u00e0 \u00eatre gard\u00e9 par ses naisseurs il aurait pu finir entre les mains des mauvaises personnes. \n<br >Tout petit par sa taille, Gaston s&#8217;est faufil\u00e9 dans nos coeurs et dans notre vie.\n<br >Au sein de l&#8217;association il a tr\u00e8s vite trouv\u00e9 sa place\ufeff, il restera \u00e0 nos c\u00f4t\u00e9s pour vivre une longue et belle vie.<\/span><\/span><\/p><a class=\"button big color7 round\" href=\"http:\/\/bele-alice.com\/index.php\/parrainer-un-animal\" target=\"_self\" data-cp-link=\"1\" data-icon=\"\" rel=\"noopener\">Parrainer Gaston<\/a><\/div> <\/div> <div class=\"row text-center\" > <div class=\"col-xs-12\" data-editable=\"true\" data-content-shortcode=\"mesmerize_gallery id=&quot;mesmerize-gallery-1&quot; columns=&quot;4&quot; ids=&quot;1474,1473,1468,1453&quot; lb=&quot;1&quot; masonry=&quot;1&quot; size=&quot;medium&quot; link=&quot;file&quot; \" ><div id='mesmerize-gallery-1' class='gallery-wrapper'><style type=\"text\/css\">\n                    @media only screen and (min-width: 768px) {\n                    [data-unique-id='mesmerize-gallery-1-69f285737cfd8'] dl {\n                        float: left;\n                        width: 25% !important;\n                        max-width:  25% !important;\n                        min-width:  25% !important;\n                    }\n\n                    [data-unique-id='mesmerize-gallery-1-69f285737cfd8'] dl:nth-of-type(4n +1 ) {\n                      clear: both;\n                      }\n                    }\n                <\/style><div id='mesmerize-gallery-1' class='mesmerize-gallery-1-dls-wrapper gallery-items-wrapper materialis-gallery' data-unique-id='mesmerize-gallery-1-69f285737cfd8'><dl class='gallery-item'>\n\t\t\t<dt class='gallery-icon portrait'>\n\t\t\t\t<a data-fancybox=\"mesmerize-gallery-1-group\" href='https:\/\/bele-alice.com\/wp-content\/uploads\/2020\/06\/AME3994.jpg'><img  width=\"200\" height=\"300\" src=\"https:\/\/bele-alice.com\/wp-content\/uploads\/2020\/06\/AME3994-200x300.jpg\"  class='mesmerize-gallery-1-image' alt=\"\" loading=\"lazy\" srcset=\"https:\/\/bele-alice.com\/wp-content\/uploads\/2020\/06\/AME3994-200x300.jpg 200w, https:\/\/bele-alice.com\/wp-content\/uploads\/2020\/06\/AME3994-600x900.jpg 600w, https:\/\/bele-alice.com\/wp-content\/uploads\/2020\/06\/AME3994-683x1024.jpg 683w, https:\/\/bele-alice.com\/wp-content\/uploads\/2020\/06\/AME3994-768x1152.jpg 768w, https:\/\/bele-alice.com\/wp-content\/uploads\/2020\/06\/AME3994-1024x1536.jpg 1024w, https:\/\/bele-alice.com\/wp-content\/uploads\/2020\/06\/AME3994-1366x2048.jpg 1366w, https:\/\/bele-alice.com\/wp-content\/uploads\/2020\/06\/AME3994-720x1080.jpg 720w, https:\/\/bele-alice.com\/wp-content\/uploads\/2020\/06\/AME3994.jpg 1667w\" sizes=\"(max-width: 200px) 100vw, 200px\" \/><\/a>\n\t\t\t<\/dt><\/dl><dl class='gallery-item'>\n\t\t\t<dt class='gallery-icon landscape'>\n\t\t\t\t<a data-fancybox=\"mesmerize-gallery-1-group\" href='https:\/\/bele-alice.com\/wp-content\/uploads\/2020\/06\/AME3989.jpg'><img  width=\"300\" height=\"200\" src=\"https:\/\/bele-alice.com\/wp-content\/uploads\/2020\/06\/AME3989-300x200.jpg\"  class='mesmerize-gallery-1-image' alt=\"\" loading=\"lazy\" srcset=\"https:\/\/bele-alice.com\/wp-content\/uploads\/2020\/06\/AME3989-300x200.jpg 300w, https:\/\/bele-alice.com\/wp-content\/uploads\/2020\/06\/AME3989-600x400.jpg 600w, https:\/\/bele-alice.com\/wp-content\/uploads\/2020\/06\/AME3989-1024x683.jpg 1024w, https:\/\/bele-alice.com\/wp-content\/uploads\/2020\/06\/AME3989-768x512.jpg 768w, https:\/\/bele-alice.com\/wp-content\/uploads\/2020\/06\/AME3989-1536x1024.jpg 1536w, https:\/\/bele-alice.com\/wp-content\/uploads\/2020\/06\/AME3989-2048x1366.jpg 2048w, https:\/\/bele-alice.com\/wp-content\/uploads\/2020\/06\/AME3989-1620x1080.jpg 1620w\" sizes=\"(max-width: 300px) 100vw, 300px\" \/><\/a>\n\t\t\t<\/dt><\/dl><dl class='gallery-item'>\n\t\t\t<dt class='gallery-icon landscape'>\n\t\t\t\t<a data-fancybox=\"mesmerize-gallery-1-group\" href='https:\/\/bele-alice.com\/wp-content\/uploads\/2020\/06\/AME3974.jpg'><img  width=\"300\" height=\"200\" src=\"https:\/\/bele-alice.com\/wp-content\/uploads\/2020\/06\/AME3974-300x200.jpg\"  class='mesmerize-gallery-1-image' alt=\"\" loading=\"lazy\" srcset=\"https:\/\/bele-alice.com\/wp-content\/uploads\/2020\/06\/AME3974-300x200.jpg 300w, https:\/\/bele-alice.com\/wp-content\/uploads\/2020\/06\/AME3974-600x400.jpg 600w, https:\/\/bele-alice.com\/wp-content\/uploads\/2020\/06\/AME3974-1024x683.jpg 1024w, https:\/\/bele-alice.com\/wp-content\/uploads\/2020\/06\/AME3974-768x512.jpg 768w, https:\/\/bele-alice.com\/wp-content\/uploads\/2020\/06\/AME3974-1536x1024.jpg 1536w, https:\/\/bele-alice.com\/wp-content\/uploads\/2020\/06\/AME3974-2048x1366.jpg 2048w, https:\/\/bele-alice.com\/wp-content\/uploads\/2020\/06\/AME3974-1620x1080.jpg 1620w\" sizes=\"(max-width: 300px) 100vw, 300px\" \/><\/a>\n\t\t\t<\/dt><\/dl><dl class='gallery-item'>\n\t\t\t<dt class='gallery-icon landscape'>\n\t\t\t\t<a data-fancybox=\"mesmerize-gallery-1-group\" href='https:\/\/bele-alice.com\/wp-content\/uploads\/2020\/06\/AME3939.jpg'><img  width=\"300\" height=\"200\" src=\"https:\/\/bele-alice.com\/wp-content\/uploads\/2020\/06\/AME3939-300x200.jpg\"  class='mesmerize-gallery-1-image' alt=\"\" loading=\"lazy\" srcset=\"https:\/\/bele-alice.com\/wp-content\/uploads\/2020\/06\/AME3939-300x200.jpg 300w, https:\/\/bele-alice.com\/wp-content\/uploads\/2020\/06\/AME3939-600x400.jpg 600w, https:\/\/bele-alice.com\/wp-content\/uploads\/2020\/06\/AME3939-1024x683.jpg 1024w, https:\/\/bele-alice.com\/wp-content\/uploads\/2020\/06\/AME3939-768x512.jpg 768w, https:\/\/bele-alice.com\/wp-content\/uploads\/2020\/06\/AME3939-1536x1024.jpg 1536w, https:\/\/bele-alice.com\/wp-content\/uploads\/2020\/06\/AME3939-2048x1366.jpg 2048w, https:\/\/bele-alice.com\/wp-content\/uploads\/2020\/06\/AME3939-1620x1080.jpg 1620w\" sizes=\"(max-width: 300px) 100vw, 300px\" \/><\/a>\n\t\t\t<\/dt><\/dl>\n\t\t<\/div>\n<script>(function($){window.MaterialisCaptionsGallery && window.MaterialisCaptionsGallery($('[data-unique-id=\"mesmerize-gallery-1-69f285737cfd8\"]'))})(jQuery)<\/script><\/div><\/div><\/div> <\/div><\/div>","protected":false},"excerpt":{"rendered":"<p>Gaston a vu le jour dans une ferme p\u00e9dagogique. Non destin\u00e9s \u00e0 \u00eatre gard\u00e9 par ses naisseurs il aurait pu finir entre les mains des mauvaises personnes. Tout petit par sa taille, Gaston s&#8217;est faufil\u00e9 dans nos coeurs et dans notre vie. Au sein de l&#8217;association il a tr\u00e8s vite trouv\u00e9 sa place\ufeff, il restera&hellip; <br \/> <a class=\"read-more\" href=\"https:\/\/bele-alice.com\/index.php\/gaston-4\/\">Read more<\/a><\/p>\n","protected":false},"author":1,"featured_media":1473,"parent":0,"menu_order":0,"comment_status":"closed","ping_status":"closed","template":"pro\/page-templates\/full-width-page.php","meta":[],"_links":{"self":[{"href":"https:\/\/bele-alice.com\/index.php\/wp-json\/wp\/v2\/pages\/1730"}],"collection":[{"href":"https:\/\/bele-alice.com\/index.php\/wp-json\/wp\/v2\/pages"}],"about":[{"href":"https:\/\/bele-alice.com\/index.php\/wp-json\/wp\/v2\/types\/page"}],"author":[{"embeddable":true,"href":"https:\/\/bele-alice.com\/index.php\/wp-json\/wp\/v2\/users\/1"}],"replies":[{"embeddable":true,"href":"https:\/\/bele-alice.com\/index.php\/wp-json\/wp\/v2\/comments?post=1730"}],"version-history":[{"count":3,"href":"https:\/\/bele-alice.com\/index.php\/wp-json\/wp\/v2\/pages\/1730\/revisions"}],"predecessor-version":[{"id":1735,"href":"https:\/\/bele-alice.com\/index.php\/wp-json\/wp\/v2\/pages\/1730\/revisions\/1735"}],"wp:featuredmedia":[{"embeddable":true,"href":"https:\/\/bele-alice.com\/index.php\/wp-json\/wp\/v2\/media\/1473"}],"wp:attachment":[{"href":"https:\/\/bele-alice.com\/index.php\/wp-json\/wp\/v2\/media?parent=1730"}],"curies":[{"name":"wp","href":"https:\/\/api.w.org\/{rel}","templated":true}]}}