{"id":688,"date":"2020-04-19T10:55:39","date_gmt":"2020-04-19T08:55:39","guid":{"rendered":"http:\/\/bele-alice.com\/?page_id=688"},"modified":"2021-10-12T16:15:16","modified_gmt":"2021-10-12T14:15:16","slug":"adoption","status":"publish","type":"page","link":"https:\/\/bele-alice.com\/index.php\/adoption\/","title":{"rendered":"Adoption"},"content":{"rendered":"<div  data-label=\"Overlappable\" data-id=\"overlappable--1\" data-export-id=\"overlappable-4-mc\" data-category=\"overlappable\" class=\"overlappable-4-mc content-section content-section-spacing content-relative\" data-overlap=\"true\" id=\"overlappable-1\" style=\"background-image: none; background-color: rgb(255, 255, 255);\"><div  class=\"gridContainer\"> <div  data-type=\"row\" class=\"row spaced-cols text-center\"><div  class=\"col-xs-12 col-sm-4 col-padding col-md-12 \">  <div  data-type=\"column\" class=\"\">  <h2  class=\"\"><span  style=\"color: rgb(0, 0, 0); font-weight: 700;\">Adopter est un acte responsable<\/span><\/h2><\/div> <\/div>  <\/div> <\/div><\/div><div  data-label=\"Features\" data-id=\"features--1\" data-export-id=\"features-12\" data-category=\"features\" class=\"features-12 content-section content-section-spacing content-relative\" id=\"features-1\" style=\"background-image: none; background-color: rgb(255, 255, 255);\" data-section-ov=\"1\"><div  class=\"section-separator-top\">\n    <svg  xmlns=\"http:\/\/www.w3.org\/2000\/svg\" viewBox=\"0 0 1000 100\" preserveAspectRatio=\"none\" data-separator-name=\"mountains\" class=\"section-separator-top\">\n\t<path  class=\"svg-white-bg\" opacity=\"0.33\" d=\"M473,67.3c-203.9,88.3-263.1-34-320.3,0C66,119.1,0,59.7,0,59.7V0h1000v59.7 c0,0-62.1,26.1-94.9,29.3c-32.8,3.3-62.8-12.3-75.8-22.1C806,49.6,745.3,8.7,694.9,4.7S492.4,59,473,67.3z\"><\/path>\n\t<path  class=\"svg-white-bg\" opacity=\"0.66\" d=\"M734,67.3c-45.5,0-77.2-23.2-129.1-39.1c-28.6-8.7-150.3-10.1-254,39.1 s-91.7-34.4-149.2,0C115.7,118.3,0,39.8,0,39.8V0h1000v36.5c0,0-28.2-18.5-92.1-18.5C810.2,18.1,775.7,67.3,734,67.3z\"><\/path>\n\t<path  class=\"svg-white-bg\" d=\"M766.1,28.9c-200-57.5-266,65.5-395.1,19.5C242,1.8,242,5.4,184.8,20.6C128,35.8,132.3,44.9,89.9,52.5C28.6,63.7,0,0,0,0 h1000c0,0-9.9,40.9-83.6,48.1S829.6,47,766.1,28.9z\"><\/path>\n<\/svg>\n<\/div><div  class=\"gridContainer\"> <div  class=\"row text-center\"><div  class=\"section-title-col\" data-type=\"column\">  <h3  class=\"\"><span  style=\"text-decoration: underline; color: rgb(0, 0, 0);\"><span  style=\"font-weight: 700;\">Les conditions g\u00e9n\u00e9rales d\u2019adoption<\/span><\/span><\/h3><\/div> <\/div> <div  class=\"row spaced-cols\" data-type=\"row\"> <div  class=\"col-sm-6\"> <div  class=\"row space-bottom\"> <div  class=\"col-sm-fit icon-column\"> <i  class=\"fa icon fa-paw bordered round color6\"><\/i> <\/div> <div  class=\"col-sm\" data-type=\"column\">  <p  class=\"lead\"><span  style=\"text-decoration: underline;\"><span  style=\"color: rgb(255, 185, 1); font-weight: 600; text-decoration: underline;\">Les connaissances<\/span><\/span><\/p><p  class=\"\" style=\"text-align: justify;\"><span  style=\"color: rgb(0, 0, 0);\">\u2013 Les ch\u00e8vres sont des animaux gr\u00e9gaires et doivent donc vivre avec au moins un individu de la m\u00eame esp\u00e8ce.\n<\/span><br ><span  style=\"color: rgb(0, 0, 0);\">\u2013 Les ch\u00e8vres p\u00e8sent en moyenne 70kg, et peuvent d\u00e9passer les 100kg.\n<\/span><br ><span  style=\"color: rgb(0, 0, 0);\">\u2013 Les ch\u00e8vres mesurent environ 75 cm au garrot.\n<\/span><br ><span  style=\"color: rgb(0, 0, 0);\">\u2013 Les ch\u00e8vres ont une esp\u00e9rance de vie de 15 ans.<\/span><\/p><\/div> <\/div><\/div> <div  class=\"col-sm-6\"><div  class=\"row space-bottom\"> <div  class=\"col-sm-fit icon-column\"><i  class=\"fa icon fa-home bordered round color6\"><\/i><\/div> <div  class=\"col-sm\" data-type=\"column\"> <p  class=\"lead\"><span  style=\"text-decoration: underline;\"><span  style=\"color: rgb(255, 185, 1); font-weight: 600; text-decoration: underline;\">L\u2019habitat<\/span><\/span><\/p><p  class=\"\" style=\"text-align: justify;\"><span  style=\"color: rgb(0, 0, 0);\">\u2013 Les ch\u00e8vres ont besoin d\u2019un espace ext\u00e9rieur d\u2019au moins 500m\u00b2.\n<\/span><br ><span  style=\"color: rgb(0, 0, 0);\">\u2013 Les ch\u00e8vres doivent avoir acc\u00e8s 24h\/24 \u00e0 un abri.\n<\/span><br ><span  style=\"color: rgb(0, 0, 0);\">\u2013 Les ch\u00e8vres doivent avoir un enclos ferm\u00e9 avec des clotures solides, d\u2019au moins 1m20 de haut.\n<\/span><\/p><\/div> <\/div><\/div> <div  class=\"col-sm-6\"><div  class=\"row space-bottom\"> <div  class=\"col-sm-fit icon-column\"><i  class=\"fa icon fa-apple bordered round color6\"><\/i><\/div> <div  class=\"col-sm\" data-type=\"column\"><p  class=\"lead\"><span  style=\"text-decoration: underline; font-weight: 600; color: rgb(255, 185, 1);\">L\u2019alimentation<\/span><\/p> <p  class=\"\" style=\"text-align: justify;\"><span  style=\"color: rgb(0, 0, 0);\">\u2013 Les ch\u00e8vres doivent avoir acc\u00e8s \u00e0 du foin frais.\n<\/span><br ><span  style=\"color: rgb(0, 0, 0);\">\u2013 Les ch\u00e8vres doivent avoir de l\u2019eau propre (elles peuvent boire jusqu\u2019\u00e0 10l par jour).\n<\/span><br ><span  style=\"color: rgb(0, 0, 0);\">\u2013 Les ch\u00e8vres doivent avoir la possibilit\u00e9 de manger de l\u2019herbe fraiche.<\/span><\/p><\/div> <\/div><\/div>  <div  class=\"col-sm-6\"><div  class=\"row space-bottom\"> <div  class=\"col-sm-fit icon-column\"><i  class=\"fa icon fa-stethoscope bordered round color6\"><\/i><\/div> <div  class=\"col-sm\" data-type=\"column\"> <p  class=\"lead\"><span  style=\"text-decoration: underline; font-weight: 600; color: rgb(255, 185, 1);\">Les soins<\/span><\/p><p  class=\"\" style=\"text-align: justify;\"><span  style=\"color: rgb(0, 0, 0);\">\u2013 Les ch\u00e8vres doivent avoir les onglons coup\u00e9s r\u00e9guli\u00e8rement.\n<\/span><br ><span  style=\"color: rgb(0, 0, 0);\">\u2013 Les ch\u00e8vres doivent \u00eatre trait\u00e9es contre les poux et autres parasites externes et internes<\/span><br ><span  style=\"color: rgb(0, 0, 0);\">\u2013 Les ch\u00e8vres doivent \u00eatre emmen\u00e9es chez un v\u00e9t\u00e9rinaire en cas de probl\u00e8me de sant\u00e9.<\/span><\/p><\/div> <\/div><\/div><div  class=\"col-sm-6\"> <div  class=\"row space-bottom\"> <div  class=\"col-sm-fit icon-column\"> <i  class=\"fa icon fa-pencil-square-o bordered round color6\"><\/i> <\/div> <div  class=\"col-sm\" data-type=\"column\">  <p  class=\"lead\"><span  style=\"text-decoration: underline; font-weight: 600; color: rgb(255, 185, 1);\">Les formalit\u00e9s<\/span><\/p><p  class=\"\" style=\"text-align: justify;\"><span  style=\"color: rgb(0, 0, 0);\">\u2013Remplir le <a data-mce-href=\"..\/demande-dadoption\/\" href=\"http:\/\/bele-alice.com\/index.php\/demande-dadoption\" target=\"lightbox\" data-mce-selected=\"inline-boundary\" data-cp-link=\"1\" rel=\"noopener noreferrer\">formulaire de demande d\u2019adoption.<\/a><\/span><br ><span  style=\"color: rgb(0, 0, 0);\">\n\u2013 Signer un contrat d\u2019adoption (une fois la demande valid\u00e9e).<\/span><br ><span  style=\"color: rgb(0, 0, 0);\">\n\u2013 Payer les frais d\u2019adoption (variable en fonction de l\u2019animal).<\/span><br ><span  style=\"color: rgb(0, 0, 0);\">\n\u2013 Poss\u00e9der un num\u00e9ro d\u2019exploitant. <a data-mce-href=\"..\/les-demarches\/\" href=\"http:\/\/bele-alice.com\/index.php\/les-demarches\" target=\"lightbox\" data-mce-selected=\"inline-boundary\" data-cp-link=\"1\" rel=\"noopener noreferrer\">Voir les d\u00e9marches.\ufeff<\/a><\/span><\/p><\/div> <\/div><\/div><\/div><\/div> <\/div><div  data-label=\"Features\" data-id=\"features--2\" data-export-id=\"features-12\" data-category=\"features\" class=\"features-12 content-section content-section-spacing content-relative\" id=\"features-2\" data-section-ov=\"1\" style=\"background-image: none; background-color: rgb(255, 185, 1);\"><div  class=\"section-separator-top\">\n    <svg  xmlns=\"http:\/\/www.w3.org\/2000\/svg\" viewBox=\"0 0 1000 100\" preserveAspectRatio=\"none\" data-separator-name=\"mountains\" class=\"section-separator-top\">\n\t<path  class=\"svg-white-bg\" opacity=\"0.33\" d=\"M473,67.3c-203.9,88.3-263.1-34-320.3,0C66,119.1,0,59.7,0,59.7V0h1000v59.7 c0,0-62.1,26.1-94.9,29.3c-32.8,3.3-62.8-12.3-75.8-22.1C806,49.6,745.3,8.7,694.9,4.7S492.4,59,473,67.3z\"><\/path>\n\t<path  class=\"svg-white-bg\" opacity=\"0.66\" d=\"M734,67.3c-45.5,0-77.2-23.2-129.1-39.1c-28.6-8.7-150.3-10.1-254,39.1 s-91.7-34.4-149.2,0C115.7,118.3,0,39.8,0,39.8V0h1000v36.5c0,0-28.2-18.5-92.1-18.5C810.2,18.1,775.7,67.3,734,67.3z\"><\/path>\n\t<path  class=\"svg-white-bg\" d=\"M766.1,28.9c-200-57.5-266,65.5-395.1,19.5C242,1.8,242,5.4,184.8,20.6C128,35.8,132.3,44.9,89.9,52.5C28.6,63.7,0,0,0,0 h1000c0,0-9.9,40.9-83.6,48.1S829.6,47,766.1,28.9z\"><\/path>\n<\/svg>\n<\/div><div  class=\"gridContainer\"> <div  class=\"row text-center\"><div  class=\"section-title-col\" data-type=\"column\">  <h3  class=\"\"><span  style=\"text-decoration: underline; font-weight: 700;\"><span  style=\"color: rgb(0, 0, 0); text-decoration: underline;\">Les conditions sp\u00e9cifiques<\/span><\/span><\/h3><\/div> <\/div> <div  class=\"row spaced-cols\" data-type=\"row\"> <div  class=\"col-sm-6\"> <div  class=\"row space-bottom\"> <div  class=\"col-sm-fit icon-column\"> <i  class=\"fa icon fa-child bordered round color7\"><\/i> <\/div> <div  class=\"col-sm\" data-type=\"column\">  <p  class=\"lead\"><span  style=\"text-decoration: underline; font-weight: 700; color: rgb(109, 153, 74);\">Les chevreaux de moins de 4 mois<\/span><\/p><p  class=\"\" style=\"text-align: justify;\"><span  style=\"color: rgb(0, 0, 0);\">\u2013 En adopter minimum 2.\n<\/span><br ><span  style=\"color: rgb(0, 0, 0);\">\u2013 \u00catre disponible en journ\u00e9e (plusieurs biberons par jour)\n<\/span><br ><span  style=\"color: rgb(0, 0, 0);\">\u2013 Avoir un espace ferm\u00e9, coup\u00e9 de tous courants d\u2019air, et isol\u00e9 du froid.\n<br >\u2013 Les m\u00e2les devront \u00eatre castr\u00e9s avant l\u2019\u00e2ge de 6 mois.<\/span><\/p><\/div> <\/div><\/div>    <\/div><\/div> <\/div><div  data-label=\"Overlappable\" data-id=\"overlappable--2\" data-export-id=\"overlappable-4-mc\" data-category=\"overlappable\" class=\"overlappable-4-mc content-section content-section-spacing content-relative\" data-overlap=\"true\" id=\"overlappable-2\" style=\"background-color: rgb(255, 255, 255); background-image: none;\"><div  class=\"section-separator-top\">\n    <svg  xmlns=\"http:\/\/www.w3.org\/2000\/svg\" viewBox=\"0 0 1000 100\" preserveAspectRatio=\"none\" data-separator-name=\"mountains\" class=\"section-separator-top\">\n\t<path  class=\"svg-white-bg\" opacity=\"0.33\" d=\"M473,67.3c-203.9,88.3-263.1-34-320.3,0C66,119.1,0,59.7,0,59.7V0h1000v59.7 c0,0-62.1,26.1-94.9,29.3c-32.8,3.3-62.8-12.3-75.8-22.1C806,49.6,745.3,8.7,694.9,4.7S492.4,59,473,67.3z\"><\/path>\n\t<path  class=\"svg-white-bg\" opacity=\"0.66\" d=\"M734,67.3c-45.5,0-77.2-23.2-129.1-39.1c-28.6-8.7-150.3-10.1-254,39.1 s-91.7-34.4-149.2,0C115.7,118.3,0,39.8,0,39.8V0h1000v36.5c0,0-28.2-18.5-92.1-18.5C810.2,18.1,775.7,67.3,734,67.3z\"><\/path>\n\t<path  class=\"svg-white-bg\" d=\"M766.1,28.9c-200-57.5-266,65.5-395.1,19.5C242,1.8,242,5.4,184.8,20.6C128,35.8,132.3,44.9,89.9,52.5C28.6,63.7,0,0,0,0 h1000c0,0-9.9,40.9-83.6,48.1S829.6,47,766.1,28.9z\"><\/path>\n<\/svg>\n<\/div><div  class=\"gridContainer\"> <div  data-type=\"row\" class=\"row spaced-cols text-center\"><div  class=\"col-xs-12 col-sm-4 col-padding col-md-12 \">  <div  data-type=\"column\" class=\"\">  <a class=\"button big color7 dark-text round\" href=\"http:\/\/bele-alice.com\/index.php\/demande-dadoption\" target=\"_self\" data-cp-link=\"1\" data-icon=\"\" rel=\"noopener noreferrer\">Formulaire de demande d\u2019adoption<\/a><\/div> <\/div>  <\/div> <\/div><div  class=\"section-separator-bottom\">\n    <svg  xmlns=\"http:\/\/www.w3.org\/2000\/svg\" viewBox=\"0 0 1000 100\" preserveAspectRatio=\"none\" data-separator-name=\"mountains\" class=\"section-separator-top section-separator-bottom\">\n\t<path  class=\"svg-white-bg\" opacity=\"0.33\" d=\"M473,67.3c-203.9,88.3-263.1-34-320.3,0C66,119.1,0,59.7,0,59.7V0h1000v59.7 c0,0-62.1,26.1-94.9,29.3c-32.8,3.3-62.8-12.3-75.8-22.1C806,49.6,745.3,8.7,694.9,4.7S492.4,59,473,67.3z\"><\/path>\n\t<path  class=\"svg-white-bg\" opacity=\"0.66\" d=\"M734,67.3c-45.5,0-77.2-23.2-129.1-39.1c-28.6-8.7-150.3-10.1-254,39.1 s-91.7-34.4-149.2,0C115.7,118.3,0,39.8,0,39.8V0h1000v36.5c0,0-28.2-18.5-92.1-18.5C810.2,18.1,775.7,67.3,734,67.3z\"><\/path>\n\t<path  class=\"svg-white-bg\" d=\"M766.1,28.9c-200-57.5-266,65.5-395.1,19.5C242,1.8,242,5.4,184.8,20.6C128,35.8,132.3,44.9,89.9,52.5C28.6,63.7,0,0,0,0 h1000c0,0-9.9,40.9-83.6,48.1S829.6,47,766.1,28.9z\"><\/path>\n<\/svg>\n<\/div><\/div><div  data-label=\"Counters\" data-id=\"counters--1\" data-export-id=\"counters-2\" data-category=\"counters\" class=\"counters-2 content-section content-section-spacing\" id=\"counters-1\" style=\"background-color: rgb(255, 255, 255); background-image: none;\"><div  class=\"gridContainer\"> <div  class=\"row text-center\"><div  class=\"section-title-col\" data-type=\"column\"> <h2  class=\"\"><span  style=\"color: rgb(0, 0, 0);\">Les ch\u00e8vres \u00e0 adopter<\/span><\/h2> <\/div> <\/div> <div  class=\"row\" data-type=\"row\"> <div  class=\"col-xs-12 col-sm-4 text-center space-bottom col-md-6\">   <a data-cp-link=\"1\" href=\"http:\/\/bele-alice.com\/index.php\/paquerette-et-berlioz\" class=\"\" target=\"_self\" rel=\"noopener\"><img  class=\"custom-image\" src=\"http:\/\/bele-alice.com\/wp-content\/uploads\/2020\/12\/Pompon.jpg\" alt=\"\" title=\"berlioz\"><\/a><\/div> <div  class=\"col-xs-12 col-sm-4 text-center space-bottom col-md-6\">  <a data-cp-link=\"1\" href=\"http:\/\/bele-alice.com\/index.php\/paquerette-et-berlioz\" class=\"\" target=\"_self\" rel=\"noopener\"><img  class=\"custom-image\" src=\"http:\/\/bele-alice.com\/wp-content\/uploads\/2020\/12\/Max.jpg\" alt=\"\" title=\"paquerette\"><\/a><\/div>  <\/div><\/div> <\/div>","protected":false},"excerpt":{"rendered":"<p>Adopter est un acte responsable Les conditions g\u00e9n\u00e9rales d\u2019adoption Les connaissances\u2013 Les ch\u00e8vres sont des animaux gr\u00e9gaires et doivent donc vivre avec au moins un individu de la m\u00eame esp\u00e8ce. \u2013 Les ch\u00e8vres p\u00e8sent en moyenne 70kg, et peuvent d\u00e9passer les 100kg. \u2013 Les ch\u00e8vres mesurent environ 75 cm au garrot. \u2013 Les ch\u00e8vres ont&hellip; <br \/> <a class=\"read-more\" href=\"https:\/\/bele-alice.com\/index.php\/adoption\/\">Read more<\/a><\/p>\n","protected":false},"author":1,"featured_media":180,"parent":0,"menu_order":0,"comment_status":"closed","ping_status":"closed","template":"pro\/page-templates\/full-width-page.php","meta":[],"_links":{"self":[{"href":"https:\/\/bele-alice.com\/index.php\/wp-json\/wp\/v2\/pages\/688"}],"collection":[{"href":"https:\/\/bele-alice.com\/index.php\/wp-json\/wp\/v2\/pages"}],"about":[{"href":"https:\/\/bele-alice.com\/index.php\/wp-json\/wp\/v2\/types\/page"}],"author":[{"embeddable":true,"href":"https:\/\/bele-alice.com\/index.php\/wp-json\/wp\/v2\/users\/1"}],"replies":[{"embeddable":true,"href":"https:\/\/bele-alice.com\/index.php\/wp-json\/wp\/v2\/comments?post=688"}],"version-history":[{"count":44,"href":"https:\/\/bele-alice.com\/index.php\/wp-json\/wp\/v2\/pages\/688\/revisions"}],"predecessor-version":[{"id":1727,"href":"https:\/\/bele-alice.com\/index.php\/wp-json\/wp\/v2\/pages\/688\/revisions\/1727"}],"wp:featuredmedia":[{"embeddable":true,"href":"https:\/\/bele-alice.com\/index.php\/wp-json\/wp\/v2\/media\/180"}],"wp:attachment":[{"href":"https:\/\/bele-alice.com\/index.php\/wp-json\/wp\/v2\/media?parent=688"}],"curies":[{"name":"wp","href":"https:\/\/api.w.org\/{rel}","templated":true}]}}